{"id":121,"date":"2022-04-06T16:22:04","date_gmt":"2022-04-06T14:22:04","guid":{"rendered":"https:\/\/www.ildammuso.com\/?page_id=121"},"modified":"2022-10-05T09:15:56","modified_gmt":"2022-10-05T07:15:56","slug":"contatti","status":"publish","type":"page","link":"https:\/\/www.ildammuso.com\/it\/contatti\/","title":{"rendered":"Contatti"},"content":{"rendered":"\n<p><strong>Sede legale<\/strong>: Via Croce Rossa, 14 &#8211; Palermo<br>(durante la stagione ci trasferiamo a Pantelleria)<\/p>\n\n\n\n<!-- SPACER -->\n<div   class=\"spacer s-margin \">\n  &nbsp;<\/div>\n<!-- \/\/ SPACER -->\n\n\n\n<h2 class=\"text-secondary wp-block-heading\">Richiedi informazioni<\/h2>\n\n\n\n<p>Vi preghiamo di utilizzare il form presente in questa pagina indicando chiaramente l\u2019oggetto della vostra richiesta. <\/p>\n\n\n\n<p><strong>Nota bene<\/strong>: le richieste inoltrate entro le ore 19 dei giorni feriali saranno evase entro 24 ore. Le email ricevute durante il fine settimana saranno evase il luned\u00ec successivo.<\/p>\n\n\n\n<p><strong>Telefono<\/strong>: se preferite contattarci telefonicamente, potete utilizzare il form per richiedere il nostro recapito telefonico. Molti pensano sia pi\u00f9 rapido, ma non \u00e8 cosi: non sempre siamo davanti al computer e date, disponibilit\u00e0 e prezzi non li conosciamo a memoria! Una volta che vi abbiamo comunicato per iscritto tutte le informazioni essenziali, possiamo tranquillamente parlare dei vari dettagli!<\/p>\n\n\n\n<!-- SPACER -->\n<div   class=\"spacer s-margin \">\n  &nbsp;<\/div>\n<!-- \/\/ SPACER -->\n\n\n<!-- FORM -->\n<div class=\"form-wrapper \">\n\t\t\t\n<div class=\"wpcf7 no-js\" id=\"wpcf7-f7-o1\" lang=\"it-IT\" dir=\"ltr\" data-wpcf7-id=\"7\">\n<div class=\"screen-reader-response\"><p role=\"status\" aria-live=\"polite\" aria-atomic=\"true\"><\/p> <ul><\/ul><\/div>\n<form action=\"\/it\/wp-json\/wp\/v2\/pages\/121#wpcf7-f7-o1\" method=\"post\" class=\"wpcf7-form init\" aria-label=\"Modulo di contatto\" novalidate=\"novalidate\" data-status=\"init\">\n<fieldset class=\"hidden-fields-container\"><input type=\"hidden\" name=\"_wpcf7\" value=\"7\" \/><input type=\"hidden\" name=\"_wpcf7_version\" value=\"6.1.5\" \/><input type=\"hidden\" name=\"_wpcf7_locale\" value=\"it_IT\" \/><input type=\"hidden\" name=\"_wpcf7_unit_tag\" value=\"wpcf7-f7-o1\" \/><input type=\"hidden\" name=\"_wpcf7_container_post\" value=\"0\" \/><input type=\"hidden\" name=\"_wpcf7_posted_data_hash\" value=\"\" \/>\n<\/fieldset>\n<div class=\"form\">\n\t<div class=\"box-columns flex flex-wrap\">\n\t\t<div class=\"col-m-12 col-t-6 col-d-6\">\n\t\t\t<div class=\"form-item\">\n\t\t\t\t<p><label for=\"first-name\">Nome*<\/label><span class=\"wpcf7-form-control-wrap\" data-name=\"first-name\"><input size=\"40\" maxlength=\"400\" class=\"wpcf7-form-control wpcf7-text wpcf7-validates-as-required\" id=\"first-name\" aria-required=\"true\" aria-invalid=\"false\" value=\"\" type=\"text\" name=\"first-name\" \/><\/span>\n\t\t\t\t<\/p>\n\t\t\t<\/div>\n\t\t<\/div>\n\t\t<div class=\"col-m-12 col-t-6 col-d-6 right\">\n\t\t\t<div class=\"form-item\">\n\t\t\t\t<p><label for=\"last-name\">Cognome*<\/label><span class=\"wpcf7-form-control-wrap\" data-name=\"last-name\"><input size=\"40\" maxlength=\"400\" class=\"wpcf7-form-control wpcf7-text wpcf7-validates-as-required\" id=\"last-name\" aria-required=\"true\" aria-invalid=\"false\" value=\"\" type=\"text\" name=\"last-name\" \/><\/span>\n\t\t\t\t<\/p>\n\t\t\t<\/div>\n\t\t<\/div>\n\t<\/div>\n\t<div class=\"box-columns flex flex-wrap\">\n\t\t<div class=\"col-m-12 col-t-6 col-d-6\">\n\t\t\t<div class=\"form-item\">\n\t\t\t\t<p><label for=\"email\">E-mail*<\/label><span class=\"wpcf7-form-control-wrap\" data-name=\"email\"><input size=\"40\" maxlength=\"400\" class=\"wpcf7-form-control wpcf7-email wpcf7-validates-as-required wpcf7-text wpcf7-validates-as-email\" id=\"email\" aria-required=\"true\" aria-invalid=\"false\" value=\"\" type=\"email\" name=\"email\" \/><\/span>\n\t\t\t\t<\/p>\n\t\t\t<\/div>\n\t\t<\/div>\n\t\t<div class=\"col-m-12 col-t-6 col-d-6 right\">\n\t\t\t<div class=\"form-item\">\n\t\t\t\t<p><label for=\"phone\">Telefono*<\/label><span class=\"wpcf7-form-control-wrap\" data-name=\"phone\"><input size=\"40\" maxlength=\"400\" class=\"wpcf7-form-control wpcf7-text wpcf7-validates-as-required\" id=\"phone\" aria-required=\"true\" aria-invalid=\"false\" value=\"\" type=\"text\" name=\"phone\" \/><\/span>\n\t\t\t\t<\/p>\n\t\t\t<\/div>\n\t\t<\/div>\n\t<\/div>\n\t<div class=\"box-columns flex flex-wrap\">\n\t\t<div class=\"col-12\">\n\t\t\t<div class=\"form-item\">\n\t\t\t\t<p><label for=\"message\">Messaggio*<\/label><span class=\"wpcf7-form-control-wrap\" data-name=\"message\"><textarea cols=\"40\" rows=\"7\" maxlength=\"2000\" class=\"wpcf7-form-control wpcf7-textarea wpcf7-validates-as-required\" id=\"message\" aria-required=\"true\" aria-invalid=\"false\" name=\"message\"><\/textarea><\/span>\n\t\t\t\t<\/p>\n\t\t\t<\/div>\n\t\t<\/div>\n\t<\/div>\n\t<div class=\"box-columns box-acceptance flex flex-wrap\">\n\t\t<div class=\"col-12 required\">\n\t\t\t<p>*Campi obbligatori\n\t\t\t<\/p>\n\t\t<\/div>\n\t<\/div>\n\t<div class=\"box-columns box-acceptance\">\n\t\t<div class=\"col-12\">\n\t\t\t<div class=\"dichiarazione_consenso\">\n\t\t\t\t<div class=\"form-item\">\n\t\t\t\t\t<p><span class=\"title-dichiarazione\">Dichiarazione di consenso<\/span>\n\t\t\t\t\t<\/p>\n\t\t\t\t<\/div>\n\t\t\t\t<div class=\"im-accordion-form\">\n\t\t\t\t\t<div class=\"im-accordion__toggle flex justify-content-between align-items-center\" data-accordion=\"dichiarazione-accordion\" data-group=\"contact-group-1\" data-close=\"true\">\n\t\t\t\t\t\t<div class=\"im-accordion__title\">\n\t\t\t\t\t\t\t<p><u>Letta l&#8217;informativa:<\/u>\n\t\t\t\t\t\t\t<\/p>\n\t\t\t\t\t\t<\/div>\n\t\t\t\t\t<\/div>\n\t\t\t\t\t<div class=\"im-accordion__content\" data-accordion=\"dichiarazione-accordion\">\n\t\t\t\t\t\t<div data-wrapper-height=\"\">\n\t\t\t\t\t\t\t<p><strong>INFORMATIVA ART. 13 Regolamento UE 2016\/679 (&#8220;GDPR&#8221;):<\/strong>&nbsp;I dati personali raccolti all\u2019interno della presente pagina web saranno trattati in formato cartaceo ed elettronico per le seguenti finalit\u00e0:\n\t\t\t\t\t\t\t<\/p>\n\t\t\t\t\t\t\t<p>a) Per dare esecuzione alla sua richiesta d\u2019informazioni relativamente ai nostri prodotti o per ricevere informazioni sui nostri rivenditori;\n\t\t\t\t\t\t\t<\/p>\n\t\t\t\t\t\t\t<p>b) per l\u2019invio di comunicazioni informative e commerciali, anche di natura promozionale (ivi compresa la nostra newsletter), di materiale pubblicitario e\/o di offerte di beni e di servizi, con qualsiasi mezzo (conosciuto o non), ivi compreso, a titolo esemplificativo e non esaustivo, posta, Internet, telefono, E-mail, MMS, SMS. ecc\n\t\t\t\t\t\t\t<\/p>\n\t\t\t\t\t\t\t<p>La natura del conferimento dei suoi dati per la finalit\u00e0 di cui al punto a) \u00e8 necessaria per poter soddisfare la sua richiesta di informazioni, dove un suo eventuale rifiuto potrebbe pregiudicare tale possibilit\u00e0; mentre per le finalit\u00e0 di cui al punto b) il conferimento dei vs dati \u00e8 facoltativo, dove un diniego non avr\u00e0 alcuna conseguenza in relazione alla finalit\u00e0 di cui al punto a). Tali dati saranno trattati da personale interno, comunicati esclusivamente a soggetti autorizzati, e non saranno oggetto di diffusione. Relativamente ai dati conferiti, potrete esercitare i diritti previsti dall\u2019articolo 7, inviando apposita istanza scritta al Titolare del Trattamento: INSICILY di Giovanni Matta &#8211; P. IVA 05181850826 &#8211; info@ildammuso.com\n\t\t\t\t\t\t\t<\/p>\n\t\t\t\t\t\t<\/div>\n\t\t\t\t\t<\/div>\n\t\t\t\t<\/div>\n\t\t\t<\/div>\n\t\t\t<div class=\"form-item radios--wrapper\">\n\t\t\t\t<legend><br \/>\n<span class=\"fieldset-legend js-form-required form-required\">Acconsento che i dati personali vengano utilizzati per le finalit\u00e0 di cui al punto a) (richiesta di informazioni)<\/span>\n\t\t\t\t<\/legend>\n\t\t\t\t<div class=\"fieldset-wrapper\">\n\t\t\t\t\t<p><span class=\"wpcf7-form-control-wrap\" data-name=\"acceptance-a\"><span class=\"wpcf7-form-control wpcf7-radio\"><span class=\"wpcf7-list-item first\"><label><input type=\"radio\" name=\"acceptance-a\" value=\"Si\" \/><span class=\"wpcf7-list-item-label\">Si<\/span><\/label><\/span><span class=\"wpcf7-list-item last\"><label><input type=\"radio\" name=\"acceptance-a\" value=\"No\" \/><span class=\"wpcf7-list-item-label\">No<\/span><\/label><\/span><\/span><\/span>\n\t\t\t\t\t<\/p>\n\t\t\t\t<\/div>\n\t\t\t<\/div>\n\t\t\t<div class=\"form-item radios--wrapper\">\n\t\t\t\t<legend><br \/>\n<span class=\"fieldset-legend js-form-required form-required\">Acconsento che i dati personali vengano utilizzati per le finalit\u00e0 di cui al punto b) (marketing)<\/span>\n\t\t\t\t<\/legend>\n\t\t\t\t<div class=\"fieldset-wrapper\">\n\t\t\t\t\t<p><span class=\"wpcf7-form-control-wrap\" data-name=\"acceptance-b\"><span class=\"wpcf7-form-control wpcf7-radio\"><span class=\"wpcf7-list-item first\"><label><input type=\"radio\" name=\"acceptance-b\" value=\"Si\" \/><span class=\"wpcf7-list-item-label\">Si<\/span><\/label><\/span><span class=\"wpcf7-list-item last\"><label><input type=\"radio\" name=\"acceptance-b\" value=\"No\" \/><span class=\"wpcf7-list-item-label\">No<\/span><\/label><\/span><\/span><\/span>\n\t\t\t\t\t<\/p>\n\t\t\t\t<\/div>\n\t\t\t<\/div>\n\t\t<\/div>\n\t<\/div>\n\t<div class=\"box-columns flex flex-wrap\">\n\t\t<div class=\"col-12\">\n\t\t\t<div class=\"form-actions text-right\">\n\t\t\t\t<p><input class=\"wpcf7-form-control wpcf7-submit has-spinner button width-btn dark-bg\" type=\"submit\" value=\"Invia\" \/>\n\t\t\t\t<\/p>\n\t\t\t<\/div>\n\t\t<\/div>\n\t<\/div>\n<div class=\"wpcf7-turnstile cf-turnstile\" data-sitekey=\"0x4AAAAAAChgIqU7Bc8v2OTB\" data-response-field-name=\"_wpcf7_turnstile_response\"><\/div>\n<\/div><div class=\"wpcf7-response-output\" aria-hidden=\"true\"><\/div>\n<\/form>\n<\/div>\n<\/div>\n<!-- \/\/ FORM -->\n","protected":false},"excerpt":{"rendered":"<p>Sede legale: Via Croce Rossa, 14 &#8211; Palermo(durante la stagione [&hellip;]<\/p>\n","protected":false},"author":1,"featured_media":16527,"parent":0,"menu_order":6,"comment_status":"closed","ping_status":"closed","template":"","meta":{"_acf_changed":false,"footnotes":""},"class_list":["post-121","page","type-page","status-publish","has-post-thumbnail","hentry"],"acf":[],"yoast_head":"<!-- This site is optimized with the Yoast SEO plugin v27.5 - https:\/\/yoast.com\/product\/yoast-seo-wordpress\/ -->\n<title>Contatti | Il Dammuso<\/title>\n<meta name=\"description\" content=\"Hai bisogno di informazioni? Utilizza il form presente in questa pagina per contattarci e affittare il tuo dammuso a Pantelleria!\" \/>\n<meta name=\"robots\" content=\"index, follow, max-snippet:-1, max-image-preview:large, max-video-preview:-1\" \/>\n<link rel=\"canonical\" href=\"https:\/\/www.ildammuso.com\/it\/contatti\/\" \/>\n<meta property=\"og:locale\" content=\"it_IT\" \/>\n<meta property=\"og:type\" content=\"article\" \/>\n<meta property=\"og:title\" content=\"Contatti | Il Dammuso\" \/>\n<meta property=\"og:description\" content=\"Hai bisogno di informazioni? Utilizza il form presente in questa pagina per contattarci e affittare il tuo dammuso a Pantelleria!\" \/>\n<meta property=\"og:url\" content=\"https:\/\/www.ildammuso.com\/it\/contatti\/\" \/>\n<meta property=\"og:site_name\" content=\"Il Dammuso\" \/>\n<meta property=\"article:publisher\" content=\"https:\/\/www.facebook.com\/ildammusodipantelleria\/\" \/>\n<meta property=\"article:modified_time\" content=\"2022-10-05T07:15:56+00:00\" \/>\n<meta property=\"og:image\" content=\"https:\/\/storage1254.cdn-immedia.net\/wp-content\/uploads\/2022\/10\/pantelleria_mare.jpg\" \/>\n\t<meta property=\"og:image:width\" content=\"1920\" \/>\n\t<meta property=\"og:image:height\" content=\"1280\" \/>\n\t<meta property=\"og:image:type\" content=\"image\/jpeg\" \/>\n<meta name=\"twitter:card\" content=\"summary_large_image\" \/>\n<meta name=\"twitter:label1\" content=\"Tempo di lettura stimato\" \/>\n\t<meta name=\"twitter:data1\" content=\"1 minuto\" \/>\n<script type=\"application\/ld+json\" class=\"yoast-schema-graph\">{\"@context\":\"https:\\\/\\\/schema.org\",\"@graph\":[{\"@type\":\"WebPage\",\"@id\":\"https:\\\/\\\/www.ildammuso.com\\\/it\\\/contatti\\\/\",\"url\":\"https:\\\/\\\/www.ildammuso.com\\\/it\\\/contatti\\\/\",\"name\":\"Contatti | Il Dammuso\",\"isPartOf\":{\"@id\":\"https:\\\/\\\/www.ildammuso.com\\\/it\\\/#website\"},\"primaryImageOfPage\":{\"@id\":\"https:\\\/\\\/www.ildammuso.com\\\/it\\\/contatti\\\/#primaryimage\"},\"image\":{\"@id\":\"https:\\\/\\\/www.ildammuso.com\\\/it\\\/contatti\\\/#primaryimage\"},\"thumbnailUrl\":\"https:\\\/\\\/www.ildammuso.com\\\/wp-content\\\/uploads\\\/2022\\\/10\\\/pantelleria_mare.jpg\",\"datePublished\":\"2022-04-06T14:22:04+00:00\",\"dateModified\":\"2022-10-05T07:15:56+00:00\",\"description\":\"Hai bisogno di informazioni? Utilizza il form presente in questa pagina per contattarci e affittare il tuo dammuso a Pantelleria!\",\"breadcrumb\":{\"@id\":\"https:\\\/\\\/www.ildammuso.com\\\/it\\\/contatti\\\/#breadcrumb\"},\"inLanguage\":\"it-IT\",\"potentialAction\":[{\"@type\":\"ReadAction\",\"target\":[\"https:\\\/\\\/www.ildammuso.com\\\/it\\\/contatti\\\/\"]}]},{\"@type\":\"ImageObject\",\"inLanguage\":\"it-IT\",\"@id\":\"https:\\\/\\\/www.ildammuso.com\\\/it\\\/contatti\\\/#primaryimage\",\"url\":\"https:\\\/\\\/www.ildammuso.com\\\/wp-content\\\/uploads\\\/2022\\\/10\\\/pantelleria_mare.jpg\",\"contentUrl\":\"https:\\\/\\\/www.ildammuso.com\\\/wp-content\\\/uploads\\\/2022\\\/10\\\/pantelleria_mare.jpg\",\"width\":1920,\"height\":1280,\"caption\":\"foto pagina contatti pantelleria\"},{\"@type\":\"BreadcrumbList\",\"@id\":\"https:\\\/\\\/www.ildammuso.com\\\/it\\\/contatti\\\/#breadcrumb\",\"itemListElement\":[{\"@type\":\"ListItem\",\"position\":1,\"name\":\"Home\",\"item\":\"https:\\\/\\\/www.ildammuso.com\\\/it\\\/\"},{\"@type\":\"ListItem\",\"position\":2,\"name\":\"&nbsp;\"}]},{\"@type\":\"WebSite\",\"@id\":\"https:\\\/\\\/www.ildammuso.com\\\/it\\\/#website\",\"url\":\"https:\\\/\\\/www.ildammuso.com\\\/it\\\/\",\"name\":\"Il Dammuso\",\"description\":\"Il tuo Dammuso a Pantelleria\",\"publisher\":{\"@id\":\"https:\\\/\\\/www.ildammuso.com\\\/it\\\/#organization\"},\"potentialAction\":[{\"@type\":\"SearchAction\",\"target\":{\"@type\":\"EntryPoint\",\"urlTemplate\":\"https:\\\/\\\/www.ildammuso.com\\\/it\\\/?s={search_term_string}\"},\"query-input\":{\"@type\":\"PropertyValueSpecification\",\"valueRequired\":true,\"valueName\":\"search_term_string\"}}],\"inLanguage\":\"it-IT\"},{\"@type\":\"Organization\",\"@id\":\"https:\\\/\\\/www.ildammuso.com\\\/it\\\/#organization\",\"name\":\"Il Dammuso\",\"url\":\"https:\\\/\\\/www.ildammuso.com\\\/it\\\/\",\"logo\":{\"@type\":\"ImageObject\",\"inLanguage\":\"it-IT\",\"@id\":\"https:\\\/\\\/www.ildammuso.com\\\/it\\\/#\\\/schema\\\/logo\\\/image\\\/\",\"url\":\"https:\\\/\\\/www.ildammuso.com\\\/wp-content\\\/uploads\\\/2022\\\/06\\\/logo-ildammuso.jpg\",\"contentUrl\":\"https:\\\/\\\/www.ildammuso.com\\\/wp-content\\\/uploads\\\/2022\\\/06\\\/logo-ildammuso.jpg\",\"width\":426,\"height\":395,\"caption\":\"Il Dammuso\"},\"image\":{\"@id\":\"https:\\\/\\\/www.ildammuso.com\\\/it\\\/#\\\/schema\\\/logo\\\/image\\\/\"},\"sameAs\":[\"https:\\\/\\\/www.facebook.com\\\/ildammusodipantelleria\\\/\",\"https:\\\/\\\/www.instagram.com\\\/ildammusogram\\\/\"]}]}<\/script>\n<!-- \/ Yoast SEO plugin. -->","yoast_head_json":{"title":"Contatti | Il Dammuso","description":"Hai bisogno di informazioni? Utilizza il form presente in questa pagina per contattarci e affittare il tuo dammuso a Pantelleria!","robots":{"index":"index","follow":"follow","max-snippet":"max-snippet:-1","max-image-preview":"max-image-preview:large","max-video-preview":"max-video-preview:-1"},"canonical":"https:\/\/www.ildammuso.com\/it\/contatti\/","og_locale":"it_IT","og_type":"article","og_title":"Contatti | Il Dammuso","og_description":"Hai bisogno di informazioni? Utilizza il form presente in questa pagina per contattarci e affittare il tuo dammuso a Pantelleria!","og_url":"https:\/\/www.ildammuso.com\/it\/contatti\/","og_site_name":"Il Dammuso","article_publisher":"https:\/\/www.facebook.com\/ildammusodipantelleria\/","article_modified_time":"2022-10-05T07:15:56+00:00","og_image":[{"width":1920,"height":1280,"url":"https:\/\/storage1254.cdn-immedia.net\/wp-content\/uploads\/2022\/10\/pantelleria_mare.jpg","type":"image\/jpeg"}],"twitter_card":"summary_large_image","twitter_misc":{"Tempo di lettura stimato":"1 minuto"},"schema":{"@context":"https:\/\/schema.org","@graph":[{"@type":"WebPage","@id":"https:\/\/www.ildammuso.com\/it\/contatti\/","url":"https:\/\/www.ildammuso.com\/it\/contatti\/","name":"Contatti | Il Dammuso","isPartOf":{"@id":"https:\/\/www.ildammuso.com\/it\/#website"},"primaryImageOfPage":{"@id":"https:\/\/www.ildammuso.com\/it\/contatti\/#primaryimage"},"image":{"@id":"https:\/\/www.ildammuso.com\/it\/contatti\/#primaryimage"},"thumbnailUrl":"https:\/\/storage1254.cdn-immedia.net\/wp-content\/uploads\/2022\/10\/pantelleria_mare.jpg","datePublished":"2022-04-06T14:22:04+00:00","dateModified":"2022-10-05T07:15:56+00:00","description":"Hai bisogno di informazioni? Utilizza il form presente in questa pagina per contattarci e affittare il tuo dammuso a Pantelleria!","breadcrumb":{"@id":"https:\/\/www.ildammuso.com\/it\/contatti\/#breadcrumb"},"inLanguage":"it-IT","potentialAction":[{"@type":"ReadAction","target":["https:\/\/www.ildammuso.com\/it\/contatti\/"]}]},{"@type":"ImageObject","inLanguage":"it-IT","@id":"https:\/\/www.ildammuso.com\/it\/contatti\/#primaryimage","url":"https:\/\/storage1254.cdn-immedia.net\/wp-content\/uploads\/2022\/10\/pantelleria_mare.jpg","contentUrl":"https:\/\/storage1254.cdn-immedia.net\/wp-content\/uploads\/2022\/10\/pantelleria_mare.jpg","width":1920,"height":1280,"caption":"foto pagina contatti pantelleria"},{"@type":"BreadcrumbList","@id":"https:\/\/www.ildammuso.com\/it\/contatti\/#breadcrumb","itemListElement":[{"@type":"ListItem","position":1,"name":"Home","item":"https:\/\/www.ildammuso.com\/it\/"},{"@type":"ListItem","position":2,"name":"&nbsp;"}]},{"@type":"WebSite","@id":"https:\/\/www.ildammuso.com\/it\/#website","url":"https:\/\/www.ildammuso.com\/it\/","name":"Il Dammuso","description":"Il tuo Dammuso a Pantelleria","publisher":{"@id":"https:\/\/www.ildammuso.com\/it\/#organization"},"potentialAction":[{"@type":"SearchAction","target":{"@type":"EntryPoint","urlTemplate":"https:\/\/www.ildammuso.com\/it\/?s={search_term_string}"},"query-input":{"@type":"PropertyValueSpecification","valueRequired":true,"valueName":"search_term_string"}}],"inLanguage":"it-IT"},{"@type":"Organization","@id":"https:\/\/www.ildammuso.com\/it\/#organization","name":"Il Dammuso","url":"https:\/\/www.ildammuso.com\/it\/","logo":{"@type":"ImageObject","inLanguage":"it-IT","@id":"https:\/\/www.ildammuso.com\/it\/#\/schema\/logo\/image\/","url":"https:\/\/storage1254.cdn-immedia.net\/wp-content\/uploads\/2022\/06\/logo-ildammuso.jpg","contentUrl":"https:\/\/storage1254.cdn-immedia.net\/wp-content\/uploads\/2022\/06\/logo-ildammuso.jpg","width":426,"height":395,"caption":"Il Dammuso"},"image":{"@id":"https:\/\/www.ildammuso.com\/it\/#\/schema\/logo\/image\/"},"sameAs":["https:\/\/www.facebook.com\/ildammusodipantelleria\/","https:\/\/www.instagram.com\/ildammusogram\/"]}]}},"_links":{"self":[{"href":"https:\/\/www.ildammuso.com\/it\/wp-json\/wp\/v2\/pages\/121","targetHints":{"allow":["GET"]}}],"collection":[{"href":"https:\/\/www.ildammuso.com\/it\/wp-json\/wp\/v2\/pages"}],"about":[{"href":"https:\/\/www.ildammuso.com\/it\/wp-json\/wp\/v2\/types\/page"}],"author":[{"embeddable":true,"href":"https:\/\/www.ildammuso.com\/it\/wp-json\/wp\/v2\/users\/1"}],"replies":[{"embeddable":true,"href":"https:\/\/www.ildammuso.com\/it\/wp-json\/wp\/v2\/comments?post=121"}],"version-history":[{"count":26,"href":"https:\/\/www.ildammuso.com\/it\/wp-json\/wp\/v2\/pages\/121\/revisions"}],"predecessor-version":[{"id":16530,"href":"https:\/\/www.ildammuso.com\/it\/wp-json\/wp\/v2\/pages\/121\/revisions\/16530"}],"wp:featuredmedia":[{"embeddable":true,"href":"https:\/\/www.ildammuso.com\/it\/wp-json\/wp\/v2\/media\/16527"}],"wp:attachment":[{"href":"https:\/\/www.ildammuso.com\/it\/wp-json\/wp\/v2\/media?parent=121"}],"curies":[{"name":"wp","href":"https:\/\/api.w.org\/{rel}","templated":true}]}}