{"id":260,"date":"2022-04-13T17:50:27","date_gmt":"2022-04-13T15:50:27","guid":{"rendered":"https:\/\/www.ildammuso.com\/?page_id=260"},"modified":"2025-03-24T11:10:10","modified_gmt":"2025-03-24T10:10:10","slug":"come-arrivare-a-pantelleria","status":"publish","type":"page","link":"https:\/\/www.ildammuso.com\/it\/come-arrivare-a-pantelleria\/","title":{"rendered":"Come arrivare a Pantelleria"},"content":{"rendered":"\n<p class=\"text-tertiary\"><strong>Arrivare a Pantelleria non sempre \u00e8 facile, n\u00e9 breve: siamo al centro del canale di Sicilia, pi\u00f9 vicini alla costa tunisina che a quella siciliana. Per\u00f2 questa \u201cinaccessibilit\u00e0\u201d la rende un posto tranquillo, stress free\u2026 prendete tempo e godetevi il viaggio verso la meta.<\/strong><\/p>\n\n\n\n<h2 class=\"wp-block-heading h3 text-secondary\">Voli per Pantelleria: come arrivare in aereo<\/h2>\n\n\n\n<p>Il collegamento aereo \u00e8 affidato alla<strong> <a href=\"https:\/\/dat.dk\/?___store=dat_it\" target=\"_blank\" rel=\"noreferrer noopener\">Danish Air&nbsp; Transport<\/a>&nbsp; con voli giornalieri da\/per le citt\u00e0 siciliane con Pantelleria (Palermo, Trapani e Catania) .&nbsp;<\/strong><br><\/p>\n\n\n\n<p>Stagionalmente si affiancano i&nbsp;<strong>voli diretti dai maggiori aeroporti italiani.<\/strong><br><a href=\"http:\/\/www.volotea.com\/it\/\" target=\"_blank\" rel=\"noreferrer noopener\"><strong>Volotea<\/strong><\/a> \u00e8 la compagnia aerea che da anni &#8220;investe&#8221; sulla destinazione Pantelleria proponendo <strong>collegamenti da Maggio fino alla  fine di Ottobre <\/strong>da diverse citt\u00e0 come&nbsp;<strong>Bergamo Orio Al Serio, Verona, Venezia e Bologna<\/strong>, &nbsp;con voli diretti per Pantelleria il&nbsp;<strong>sabato<\/strong>&nbsp;e la&nbsp;<strong>domenica<\/strong>.<br>Da<strong>&nbsp;Milano Linate e Roma Fiumicino<\/strong>,&nbsp;<a href=\"https:\/\/www.ita-airways.com\/\" target=\"_blank\" rel=\"noreferrer noopener\">ITA AIRWAYS<\/a>&nbsp;offre collegamenti <strong>il sabato e la domenica<\/strong> per quindi intensificare i collegamenti in altri giorni della settimana durante il mese di Agosto ed offre i voli per Pantelleria il&nbsp;<strong>sabato<\/strong>&nbsp;o la&nbsp;<strong>domenica<\/strong>. <\/p>\n\n\n\n<p>Una cordata di imprenditori locali denominata <strong><a href=\"https:\/\/welcometopantelleria.it\/\">WELCOME PANTELLERIA<\/a><\/strong>, ai quali ci siamo uniti, ha chiuso un accordo con <a href=\"https:\/\/www.ita-airways.com\/\" target=\"_blank\" rel=\"noreferrer noopener\">ITA AIRWAYS<\/a> per &#8220;allargare&#8221; la stagionalita <strong>dal 7 giugno all&#8217;27 di settembre per il volo da Roma Fiumicino<\/strong> a Pantelleria e <strong>dal 7 giugno all&#8217;11 ottobre per il volo da Milano Linat<\/strong>e a Pantelleria. <strong>I biglietti di tali voli sono a prezzo fisso<\/strong> e includono il bagaglio in stiva. Chiedeteci maggiori dettagli per prenotare e acquistare questi voli.<\/p>\n\n\n\n<p>Altra novit\u00e0 per la stagione 2025 \u00e8 il volo aereo Perugia &#8211; Pantelleria operato da <a href=\"https:\/\/www.hellofly.it\/\">HELLO FLY<\/a>  che possiamo prenotare per voi grazie.<\/p>\n\n\n\n<p>Vi ricordiamo infine che sia Trapani che Palermo sono collegate con molte citt\u00e0 italiane ed europee attraverso&nbsp;<strong>voli&nbsp;<em>low cost<\/em><\/strong>&nbsp;operati da&nbsp;<a href=\"https:\/\/www.ryanair.com\/it\/it\/\" target=\"_blank\" rel=\"noreferrer noopener\"><strong>Ryanair<\/strong><\/a>,&nbsp;<a href=\"http:\/\/www.volotea.com\/it\/\" target=\"_blank\" rel=\"noreferrer noopener\"><strong>Volotea<\/strong><\/a>,&nbsp;<a href=\"https:\/\/www.easyjet.com\/it\/\" target=\"_blank\" rel=\"noreferrer noopener\"><strong>Easy Jet<\/strong><\/a>: \u00e8 un buon modo per risparmiare qualche euro e magari visitare le due citt\u00e0 siciliane!<br><\/p>\n\n\n\n<p><strong>Un ultimo consiglio<\/strong>: \u00e8 sempre meglio prenotare i posti con un certo anticipo, soprattutto&nbsp;<strong>se intendete arrivare nel \u201cfatidico\u201d mese di agosto<\/strong>. Avrete cos\u00ec la certezza del posto oltre a risparmiare qualche euro sul costo di trasporto. <\/p>\n\n\n\n<!-- SPACER -->\n<div   class=\"spacer s-margin \">\n  &nbsp;<\/div>\n<!-- \/\/ SPACER -->\n\n\n\n<h2 class=\"wp-block-heading h3 text-secondary\">Come arrivare a Pantelleria in traghetto<\/h2>\n\n\n\n<p>I collegamenti marittimi per Pantelleria sono affidati tutto l\u2019anno alla&nbsp;<a href=\"https:\/\/carontetourist.it\/\" target=\"_blank\" rel=\"noreferrer noopener\"><strong>Caronte&amp;Tourist<\/strong><\/a> che mette a disposizione un&nbsp;<strong>traghetto per il trasporto di passeggeri ed auto<\/strong>&nbsp;al seguito. \u00c8 un viaggio lungo di oltre 6 ore ed ha senso solo per soggiorni lunghi e per portarsi un&#8217;auto al seguito.<br><\/p>\n\n\n\n<p>Vi \u00e8 inoltre un traghetto che parte alle ore 14. In genere da ottobre a maggio opera solo tre giorni a settimana, mentre da Giugno a Luglio opera con 5 viaggi alla settimana ma conviene verificare in quanto non sempre effettua la corsa essendo prevalentemente destinato al trasporto di merci ed ha posti limitati.<br><\/p>\n\n\n\n<p>Infine&nbsp;<strong>da Giugno a&nbsp; Settembre<\/strong>&nbsp;vi \u00e8&nbsp;<strong>l\u2019aliscafo in partenza dal porto di Trapani<\/strong>&nbsp;operato dalla&nbsp;\u201c<a href=\"http:\/\/www.libertylines.it\/\" target=\"_blank\" rel=\"noreferrer noopener\"><strong>Liberty Lines<\/strong><\/a>\u201d. E\u2019 una soluzione migliore rispetto al traghetto (ovviamente se non avete auto al seguito) visto che in sole due ore raggiungerete la nostra isoletta.<\/p>\n\n\n\n<div class=\"wrap-price-table noleggio\">\n<table>\n<tbody>\n  <tr>\n    <td>DA TRAPANI<\/td>\n    <td>TRAGHETTO<\/td>\n    <td>Tutti i giorni tranne il sabato partenze dal porto di Trapani ore 23.00. Dal 1 giugno al 30 Settembre tutti i giorni.<br>Info e prenotazioni: Caronte&#038;Tourist \u2013 Tel. +390905737<br>Sito web: <a href=\"https:\/\/carontetourist.it\/it\/siremar\" target=\"_blank\" rel=\"noopener\">www.carontetourist.it<\/a><\/td>\n  <\/tr>\n  <tr>\n    <td>DA TRAPANI<\/td>\n    <td>TRAGHETTO<\/td>\n    <td>Alcuni giorni della settimana partenze dal porto di Trapani ore 14.00.<br>Info e prenotazioni: Caronte&#038;Tourist \u2013 Tel. +390905737<br>Sito web: <a href=\"https:\/\/carontetourist.it\/it\/siremar\" target=\"_blank\" rel=\"noopener\">www.carontetourist.it<\/a><\/td>\n  <\/tr>\n  <tr>\n    <td>DA TRAPANI<\/td>\n    <td>ALISCAFO<\/td>\n    <td>Da Giugno a Settembre servizio giornaliero dal porto di Trapani con partenza alle ore 13.20.<br>Le partenze da Pantelleria sono previste alle 16.20<br>Info e prenotazioni: Biglietteria Liberty Lines \u2013 Tel. +39 0923 022022<br>Sito web: <a href=\"http:\/\/www.libertylines.it\/\" target=\"_blank\" rel=\"noopener\">www.usticalines.it<\/a><\/td>\n  <\/tr>\n<\/tbody>\n<\/table>\n<\/div>\n\n\n\n<h2 class=\"wp-block-heading h3 text-secondary\"><br><br><\/h2>\n","protected":false},"excerpt":{"rendered":"<p>Arrivare a Pantelleria non sempre \u00e8 facile, n\u00e9 breve: siamo [&hellip;]<\/p>\n","protected":false},"author":1,"featured_media":16511,"parent":0,"menu_order":12,"comment_status":"closed","ping_status":"closed","template":"","meta":{"_acf_changed":false,"footnotes":""},"class_list":["post-260","page","type-page","status-publish","has-post-thumbnail","hentry"],"acf":[],"yoast_head":"<!-- This site is optimized with the Yoast SEO plugin v27.4 - https:\/\/yoast.com\/product\/yoast-seo-wordpress\/ -->\n<title>Come arrivare a Pantelleria | Il Dammuso<\/title>\n<meta name=\"description\" content=\"Esistono diversi modi per raggiungere Pantelleria, in particolare: aereo, traghetto e aliscafo. Clicca e scopri di pi\u00f9!\" \/>\n<meta name=\"robots\" content=\"index, follow, max-snippet:-1, max-image-preview:large, max-video-preview:-1\" \/>\n<link rel=\"canonical\" href=\"https:\/\/www.ildammuso.com\/it\/come-arrivare-a-pantelleria\/\" \/>\n<meta property=\"og:locale\" content=\"it_IT\" \/>\n<meta property=\"og:type\" content=\"article\" \/>\n<meta property=\"og:title\" content=\"Come arrivare a Pantelleria | Il Dammuso\" \/>\n<meta property=\"og:description\" content=\"Esistono diversi modi per raggiungere Pantelleria, in particolare: aereo, traghetto e aliscafo. Clicca e scopri di pi\u00f9!\" \/>\n<meta property=\"og:url\" content=\"https:\/\/www.ildammuso.com\/it\/come-arrivare-a-pantelleria\/\" \/>\n<meta property=\"og:site_name\" content=\"Il Dammuso\" \/>\n<meta property=\"article:publisher\" content=\"https:\/\/www.facebook.com\/ildammusodipantelleria\/\" \/>\n<meta property=\"article:modified_time\" content=\"2025-03-24T10:10:10+00:00\" \/>\n<meta property=\"og:image\" content=\"https:\/\/storage1254.cdn-immedia.net\/wp-content\/uploads\/2022\/10\/gente_che_viene_gente_che_va_rdcd.jpg\" \/>\n\t<meta property=\"og:image:width\" content=\"1280\" \/>\n\t<meta property=\"og:image:height\" content=\"960\" \/>\n\t<meta property=\"og:image:type\" content=\"image\/jpeg\" \/>\n<meta name=\"twitter:card\" content=\"summary_large_image\" \/>\n<meta name=\"twitter:label1\" content=\"Tempo di lettura stimato\" \/>\n\t<meta name=\"twitter:data1\" content=\"4 minuti\" \/>\n<script type=\"application\/ld+json\" class=\"yoast-schema-graph\">{\"@context\":\"https:\\\/\\\/schema.org\",\"@graph\":[{\"@type\":\"WebPage\",\"@id\":\"https:\\\/\\\/www.ildammuso.com\\\/it\\\/come-arrivare-a-pantelleria\\\/\",\"url\":\"https:\\\/\\\/www.ildammuso.com\\\/it\\\/come-arrivare-a-pantelleria\\\/\",\"name\":\"Come arrivare a Pantelleria | Il Dammuso\",\"isPartOf\":{\"@id\":\"https:\\\/\\\/www.ildammuso.com\\\/it\\\/#website\"},\"primaryImageOfPage\":{\"@id\":\"https:\\\/\\\/www.ildammuso.com\\\/it\\\/come-arrivare-a-pantelleria\\\/#primaryimage\"},\"image\":{\"@id\":\"https:\\\/\\\/www.ildammuso.com\\\/it\\\/come-arrivare-a-pantelleria\\\/#primaryimage\"},\"thumbnailUrl\":\"https:\\\/\\\/www.ildammuso.com\\\/wp-content\\\/uploads\\\/2022\\\/10\\\/gente_che_viene_gente_che_va_rdcd.jpg\",\"datePublished\":\"2022-04-13T15:50:27+00:00\",\"dateModified\":\"2025-03-24T10:10:10+00:00\",\"description\":\"Esistono diversi modi per raggiungere Pantelleria, in particolare: aereo, traghetto e aliscafo. Clicca e scopri di pi\u00f9!\",\"breadcrumb\":{\"@id\":\"https:\\\/\\\/www.ildammuso.com\\\/it\\\/come-arrivare-a-pantelleria\\\/#breadcrumb\"},\"inLanguage\":\"it-IT\",\"potentialAction\":[{\"@type\":\"ReadAction\",\"target\":[\"https:\\\/\\\/www.ildammuso.com\\\/it\\\/come-arrivare-a-pantelleria\\\/\"]}]},{\"@type\":\"ImageObject\",\"inLanguage\":\"it-IT\",\"@id\":\"https:\\\/\\\/www.ildammuso.com\\\/it\\\/come-arrivare-a-pantelleria\\\/#primaryimage\",\"url\":\"https:\\\/\\\/www.ildammuso.com\\\/wp-content\\\/uploads\\\/2022\\\/10\\\/gente_che_viene_gente_che_va_rdcd.jpg\",\"contentUrl\":\"https:\\\/\\\/www.ildammuso.com\\\/wp-content\\\/uploads\\\/2022\\\/10\\\/gente_che_viene_gente_che_va_rdcd.jpg\",\"width\":1280,\"height\":960,\"caption\":\"la cala di balata dei turchi a Pantelleria\"},{\"@type\":\"BreadcrumbList\",\"@id\":\"https:\\\/\\\/www.ildammuso.com\\\/it\\\/come-arrivare-a-pantelleria\\\/#breadcrumb\",\"itemListElement\":[{\"@type\":\"ListItem\",\"position\":1,\"name\":\"Home\",\"item\":\"https:\\\/\\\/www.ildammuso.com\\\/it\\\/\"},{\"@type\":\"ListItem\",\"position\":2,\"name\":\"&nbsp;\"}]},{\"@type\":\"WebSite\",\"@id\":\"https:\\\/\\\/www.ildammuso.com\\\/it\\\/#website\",\"url\":\"https:\\\/\\\/www.ildammuso.com\\\/it\\\/\",\"name\":\"Il Dammuso\",\"description\":\"Il tuo Dammuso a Pantelleria\",\"publisher\":{\"@id\":\"https:\\\/\\\/www.ildammuso.com\\\/it\\\/#organization\"},\"potentialAction\":[{\"@type\":\"SearchAction\",\"target\":{\"@type\":\"EntryPoint\",\"urlTemplate\":\"https:\\\/\\\/www.ildammuso.com\\\/it\\\/?s={search_term_string}\"},\"query-input\":{\"@type\":\"PropertyValueSpecification\",\"valueRequired\":true,\"valueName\":\"search_term_string\"}}],\"inLanguage\":\"it-IT\"},{\"@type\":\"Organization\",\"@id\":\"https:\\\/\\\/www.ildammuso.com\\\/it\\\/#organization\",\"name\":\"Il Dammuso\",\"url\":\"https:\\\/\\\/www.ildammuso.com\\\/it\\\/\",\"logo\":{\"@type\":\"ImageObject\",\"inLanguage\":\"it-IT\",\"@id\":\"https:\\\/\\\/www.ildammuso.com\\\/it\\\/#\\\/schema\\\/logo\\\/image\\\/\",\"url\":\"https:\\\/\\\/www.ildammuso.com\\\/wp-content\\\/uploads\\\/2022\\\/06\\\/logo-ildammuso.jpg\",\"contentUrl\":\"https:\\\/\\\/www.ildammuso.com\\\/wp-content\\\/uploads\\\/2022\\\/06\\\/logo-ildammuso.jpg\",\"width\":426,\"height\":395,\"caption\":\"Il Dammuso\"},\"image\":{\"@id\":\"https:\\\/\\\/www.ildammuso.com\\\/it\\\/#\\\/schema\\\/logo\\\/image\\\/\"},\"sameAs\":[\"https:\\\/\\\/www.facebook.com\\\/ildammusodipantelleria\\\/\",\"https:\\\/\\\/www.instagram.com\\\/ildammusogram\\\/\"]}]}<\/script>\n<!-- \/ Yoast SEO plugin. -->","yoast_head_json":{"title":"Come arrivare a Pantelleria | Il Dammuso","description":"Esistono diversi modi per raggiungere Pantelleria, in particolare: aereo, traghetto e aliscafo. Clicca e scopri di pi\u00f9!","robots":{"index":"index","follow":"follow","max-snippet":"max-snippet:-1","max-image-preview":"max-image-preview:large","max-video-preview":"max-video-preview:-1"},"canonical":"https:\/\/www.ildammuso.com\/it\/come-arrivare-a-pantelleria\/","og_locale":"it_IT","og_type":"article","og_title":"Come arrivare a Pantelleria | Il Dammuso","og_description":"Esistono diversi modi per raggiungere Pantelleria, in particolare: aereo, traghetto e aliscafo. Clicca e scopri di pi\u00f9!","og_url":"https:\/\/www.ildammuso.com\/it\/come-arrivare-a-pantelleria\/","og_site_name":"Il Dammuso","article_publisher":"https:\/\/www.facebook.com\/ildammusodipantelleria\/","article_modified_time":"2025-03-24T10:10:10+00:00","og_image":[{"width":1280,"height":960,"url":"https:\/\/storage1254.cdn-immedia.net\/wp-content\/uploads\/2022\/10\/gente_che_viene_gente_che_va_rdcd.jpg","type":"image\/jpeg"}],"twitter_card":"summary_large_image","twitter_misc":{"Tempo di lettura stimato":"4 minuti"},"schema":{"@context":"https:\/\/schema.org","@graph":[{"@type":"WebPage","@id":"https:\/\/www.ildammuso.com\/it\/come-arrivare-a-pantelleria\/","url":"https:\/\/www.ildammuso.com\/it\/come-arrivare-a-pantelleria\/","name":"Come arrivare a Pantelleria | Il Dammuso","isPartOf":{"@id":"https:\/\/www.ildammuso.com\/it\/#website"},"primaryImageOfPage":{"@id":"https:\/\/www.ildammuso.com\/it\/come-arrivare-a-pantelleria\/#primaryimage"},"image":{"@id":"https:\/\/www.ildammuso.com\/it\/come-arrivare-a-pantelleria\/#primaryimage"},"thumbnailUrl":"https:\/\/storage1254.cdn-immedia.net\/wp-content\/uploads\/2022\/10\/gente_che_viene_gente_che_va_rdcd.jpg","datePublished":"2022-04-13T15:50:27+00:00","dateModified":"2025-03-24T10:10:10+00:00","description":"Esistono diversi modi per raggiungere Pantelleria, in particolare: aereo, traghetto e aliscafo. Clicca e scopri di pi\u00f9!","breadcrumb":{"@id":"https:\/\/www.ildammuso.com\/it\/come-arrivare-a-pantelleria\/#breadcrumb"},"inLanguage":"it-IT","potentialAction":[{"@type":"ReadAction","target":["https:\/\/www.ildammuso.com\/it\/come-arrivare-a-pantelleria\/"]}]},{"@type":"ImageObject","inLanguage":"it-IT","@id":"https:\/\/www.ildammuso.com\/it\/come-arrivare-a-pantelleria\/#primaryimage","url":"https:\/\/storage1254.cdn-immedia.net\/wp-content\/uploads\/2022\/10\/gente_che_viene_gente_che_va_rdcd.jpg","contentUrl":"https:\/\/storage1254.cdn-immedia.net\/wp-content\/uploads\/2022\/10\/gente_che_viene_gente_che_va_rdcd.jpg","width":1280,"height":960,"caption":"la cala di balata dei turchi a Pantelleria"},{"@type":"BreadcrumbList","@id":"https:\/\/www.ildammuso.com\/it\/come-arrivare-a-pantelleria\/#breadcrumb","itemListElement":[{"@type":"ListItem","position":1,"name":"Home","item":"https:\/\/www.ildammuso.com\/it\/"},{"@type":"ListItem","position":2,"name":"&nbsp;"}]},{"@type":"WebSite","@id":"https:\/\/www.ildammuso.com\/it\/#website","url":"https:\/\/www.ildammuso.com\/it\/","name":"Il Dammuso","description":"Il tuo Dammuso a Pantelleria","publisher":{"@id":"https:\/\/www.ildammuso.com\/it\/#organization"},"potentialAction":[{"@type":"SearchAction","target":{"@type":"EntryPoint","urlTemplate":"https:\/\/www.ildammuso.com\/it\/?s={search_term_string}"},"query-input":{"@type":"PropertyValueSpecification","valueRequired":true,"valueName":"search_term_string"}}],"inLanguage":"it-IT"},{"@type":"Organization","@id":"https:\/\/www.ildammuso.com\/it\/#organization","name":"Il Dammuso","url":"https:\/\/www.ildammuso.com\/it\/","logo":{"@type":"ImageObject","inLanguage":"it-IT","@id":"https:\/\/www.ildammuso.com\/it\/#\/schema\/logo\/image\/","url":"https:\/\/storage1254.cdn-immedia.net\/wp-content\/uploads\/2022\/06\/logo-ildammuso.jpg","contentUrl":"https:\/\/storage1254.cdn-immedia.net\/wp-content\/uploads\/2022\/06\/logo-ildammuso.jpg","width":426,"height":395,"caption":"Il Dammuso"},"image":{"@id":"https:\/\/www.ildammuso.com\/it\/#\/schema\/logo\/image\/"},"sameAs":["https:\/\/www.facebook.com\/ildammusodipantelleria\/","https:\/\/www.instagram.com\/ildammusogram\/"]}]}},"_links":{"self":[{"href":"https:\/\/www.ildammuso.com\/it\/wp-json\/wp\/v2\/pages\/260","targetHints":{"allow":["GET"]}}],"collection":[{"href":"https:\/\/www.ildammuso.com\/it\/wp-json\/wp\/v2\/pages"}],"about":[{"href":"https:\/\/www.ildammuso.com\/it\/wp-json\/wp\/v2\/types\/page"}],"author":[{"embeddable":true,"href":"https:\/\/www.ildammuso.com\/it\/wp-json\/wp\/v2\/users\/1"}],"replies":[{"embeddable":true,"href":"https:\/\/www.ildammuso.com\/it\/wp-json\/wp\/v2\/comments?post=260"}],"version-history":[{"count":14,"href":"https:\/\/www.ildammuso.com\/it\/wp-json\/wp\/v2\/pages\/260\/revisions"}],"predecessor-version":[{"id":27348,"href":"https:\/\/www.ildammuso.com\/it\/wp-json\/wp\/v2\/pages\/260\/revisions\/27348"}],"wp:featuredmedia":[{"embeddable":true,"href":"https:\/\/www.ildammuso.com\/it\/wp-json\/wp\/v2\/media\/16511"}],"wp:attachment":[{"href":"https:\/\/www.ildammuso.com\/it\/wp-json\/wp\/v2\/media?parent=260"}],"curies":[{"name":"wp","href":"https:\/\/api.w.org\/{rel}","templated":true}]}}