{"id":264,"date":"2022-04-13T17:51:18","date_gmt":"2022-04-13T15:51:18","guid":{"rendered":"https:\/\/www.ildammuso.com\/?page_id=264"},"modified":"2025-02-12T08:45:49","modified_gmt":"2025-02-12T07:45:49","slug":"termini-e-condizioni","status":"publish","type":"page","link":"https:\/\/www.ildammuso.com\/it\/termini-e-condizioni\/","title":{"rendered":"Termini e Condizioni"},"content":{"rendered":"\n<p class=\"text-tertiary\"><strong>Quando si prenota un soggiorno presso un dammuso che noi rappresentiamo si firmer\u00e0 un contratto di locazione di immobile che verr\u00e0 regolato dalle seguenti norme e condizioni:<\/strong><\/p>\n\n\n\n<p>L\u2019inizio della locazione \u00e8 fissato per le ore 16,00 del giorno di arrivo mentre il rilascio dovr\u00e0 avvenire entro le ore 10,00 dell\u2019ultimo giorno di locazione. Compatibilmente con l\u2019ora di arrivo a Pantelleria, cercheremo di anticipare quanto pi\u00f9 possibile l\u2019ingresso in casa.<\/p>\n\n\n\n<ol class=\"wp-block-list\">\n<li>E\u2019 espressamente negato il diritto a qualsiasi rimborso in caso di anticipo della partenza o posticipo dell\u2019arrivo.<\/li>\n\n\n\n<li>L\u2019immobile potr\u00e0 essere occupato esclusivamente dalle persone indicate nel voucher di locazione ed \u00e8 vietata qualsiasi forma di sub locazione o aumento del numero degli ospiti inizialmente concordato. <strong>\u00c8 ESPRESSAMENTE VIETATO ORGANIZZARE EVENTI\/FESTE PRESSO L\u2019IMMOBILE SENZA LA PREVIA AUTORIZZAZIONE.<\/strong><\/li>\n\n\n\n<li>Tutti gli alloggi vengono consegnati puliti e funzionanti. I clienti sono tenuti a riconsegnare l\u2019alloggio pulito ed in ordine. La propriet\u00e0 o suoi rappresentanti hanno libero accesso all\u2019immobile per effettuare verifiche e le operazioni di manutenzione necessarie (giardinaggio, pulizia piscina e della casa ecc.).<\/li>\n\n\n\n<li>In caso di annullamento, da confermare in ogni caso per iscritto, il cliente \u00e8 tenuto a pagare le seguenti somme:<br><strong>10% del prezzo totale della locazione qualora l\u2019annullamento avvenga 60 gg. prima della data di inizio concordata;<\/strong><br><strong>25% del prezzo totale della locazione qualora l\u2019annullamento avvenga tra il 59\u00b0 ed il 30\u00b0 giorno prima della data di inizio concordata;<br>50% del prezzo totale della locazione qualora l\u2019annullamento avvenga tra il 29\u00b0 ed il 15\u00b0 giorno prima della data di inizio concordata;<br>100% del prezzo totale negli altri casi.<\/strong><br>Il cliente impossibilitato potr\u00e0 peraltro farsi sostituire da altra o altre persone fino a 4 giorni prima dell\u2019inizio della locazione, previa comunicazione scritta da inviare a tramite email. Decorse 24 ore dal mancato arrivo ed in assenza di comunicazione scritta, la locazione s\u2019intender\u00e0 risoluta.<\/li>\n\n\n\n<li>Nel caso la propriet\u00e0 non fosse in grado per cause di forza maggiore o indipendenti dalla propria volont\u00e0 di mettere a disposizione l\u2019immobile promesso, avr\u00e0 facolt\u00e0, previo accordo tra le parti, di procurare un immobile dalle analoghe caratteristiche. In caso diverso la propriet\u00e0 dovr\u00e0 restituire esclusivamente le somme incassate, senza alcun ulteriore aggravio.<\/li>\n\n\n\n<li>Il cliente sar\u00e0 tenuto al risarcimento di tutti i danni causati all\u2019arredo e alla struttura del dammuso che saranno liquidati in contraddittorio con la proprieta o un suo rappresentante.<\/li>\n\n\n\n<li>Il cliente dovr\u00e0 verificare al suo arrivo lo stato dell\u2019immobile, l\u2019inventario dei beni, il funzionamento degli impianti ed effettuare eventuali reclami entro 24 ore.<\/li>\n\n\n\n<li>All\u2019arrivo il cliente dovr\u00e0 presentare il voucher di locazione e un documento di riconoscimento e versare un deposito cauzionale pari all\u2019importo indicato nel voucher. Tale deposito verr\u00e0 restituito entro le 48 ore dalla fine del soggiorno dopo la verifica dell\u2019inventario e previa deduzione di eventuali danni.<\/li>\n\n\n\n<li>Non sono normalmente accettati animali, salvo eventuale accordo con la propriet\u00e0 dell&#8217;immobile.<\/li>\n\n\n\n<li><strong>In caso di mancato versamento del I\u00ba pagamento indicato nel &#8220;Modulo di prenotazione&#8221; la prenotazione sar\u00e0 ritenuta nulla<\/strong>. Il saldo prezzo, salvo diverso accordo, dovr\u00e0 avvenire trenta giorni prima dell\u2019inizio della locazione direttamente al proprietario dell\u2019immobile nelle modalit\u00e0 che verranno comunicate tramite email: a pagamento effettuato sar\u00e0 inviato il voucher di locazione. Tutte le operazioni di pagamento devono intendersi al netto delle spese bancarie e tasse.<\/li>\n\n\n\n<li>Foro competente \u00e8 espressamente eletto dai contraenti quello di Palermo.<\/li>\n<\/ol>\n","protected":false},"excerpt":{"rendered":"<p>Quando si prenota un soggiorno presso un dammuso che noi [&hellip;]<\/p>\n","protected":false},"author":1,"featured_media":24132,"parent":0,"menu_order":17,"comment_status":"closed","ping_status":"closed","template":"","meta":{"_acf_changed":false,"footnotes":""},"class_list":["post-264","page","type-page","status-publish","has-post-thumbnail","hentry"],"acf":[],"yoast_head":"<!-- This site is optimized with the Yoast SEO plugin v27.3 - https:\/\/yoast.com\/product\/yoast-seo-wordpress\/ -->\n<title>Termini e Condizioni | Il Dammuso<\/title>\n<meta name=\"robots\" content=\"noindex, follow\" \/>\n<meta property=\"og:locale\" content=\"it_IT\" \/>\n<meta property=\"og:type\" content=\"article\" \/>\n<meta property=\"og:title\" content=\"Termini e Condizioni | Il Dammuso\" \/>\n<meta property=\"og:description\" content=\"Quando si prenota un soggiorno presso un dammuso che noi [&hellip;]\" \/>\n<meta property=\"og:url\" content=\"https:\/\/www.ildammuso.com\/it\/termini-e-condizioni\/\" \/>\n<meta property=\"og:site_name\" content=\"Il Dammuso\" \/>\n<meta property=\"article:publisher\" content=\"https:\/\/www.facebook.com\/ildammusodipantelleria\/\" \/>\n<meta property=\"article:modified_time\" content=\"2025-02-12T07:45:49+00:00\" \/>\n<meta property=\"og:image\" content=\"https:\/\/storage1254.cdn-immedia.net\/wp-content\/uploads\/2024\/05\/dammuso-martingana_14.jpg\" \/>\n\t<meta property=\"og:image:width\" content=\"1280\" \/>\n\t<meta property=\"og:image:height\" content=\"853\" \/>\n\t<meta property=\"og:image:type\" content=\"image\/jpeg\" \/>\n<meta name=\"twitter:card\" content=\"summary_large_image\" \/>\n<meta name=\"twitter:label1\" content=\"Tempo di lettura stimato\" \/>\n\t<meta name=\"twitter:data1\" content=\"4 minuti\" \/>\n<script type=\"application\/ld+json\" class=\"yoast-schema-graph\">{\"@context\":\"https:\\\/\\\/schema.org\",\"@graph\":[{\"@type\":\"WebPage\",\"@id\":\"https:\\\/\\\/www.ildammuso.com\\\/it\\\/termini-e-condizioni\\\/\",\"url\":\"https:\\\/\\\/www.ildammuso.com\\\/it\\\/termini-e-condizioni\\\/\",\"name\":\"Termini e Condizioni | Il Dammuso\",\"isPartOf\":{\"@id\":\"https:\\\/\\\/www.ildammuso.com\\\/it\\\/#website\"},\"primaryImageOfPage\":{\"@id\":\"https:\\\/\\\/www.ildammuso.com\\\/it\\\/termini-e-condizioni\\\/#primaryimage\"},\"image\":{\"@id\":\"https:\\\/\\\/www.ildammuso.com\\\/it\\\/termini-e-condizioni\\\/#primaryimage\"},\"thumbnailUrl\":\"https:\\\/\\\/www.ildammuso.com\\\/wp-content\\\/uploads\\\/2024\\\/05\\\/dammuso-martingana_14.jpg\",\"datePublished\":\"2022-04-13T15:51:18+00:00\",\"dateModified\":\"2025-02-12T07:45:49+00:00\",\"breadcrumb\":{\"@id\":\"https:\\\/\\\/www.ildammuso.com\\\/it\\\/termini-e-condizioni\\\/#breadcrumb\"},\"inLanguage\":\"it-IT\",\"potentialAction\":[{\"@type\":\"ReadAction\",\"target\":[\"https:\\\/\\\/www.ildammuso.com\\\/it\\\/termini-e-condizioni\\\/\"]}]},{\"@type\":\"ImageObject\",\"inLanguage\":\"it-IT\",\"@id\":\"https:\\\/\\\/www.ildammuso.com\\\/it\\\/termini-e-condizioni\\\/#primaryimage\",\"url\":\"https:\\\/\\\/www.ildammuso.com\\\/wp-content\\\/uploads\\\/2024\\\/05\\\/dammuso-martingana_14.jpg\",\"contentUrl\":\"https:\\\/\\\/www.ildammuso.com\\\/wp-content\\\/uploads\\\/2024\\\/05\\\/dammuso-martingana_14.jpg\",\"width\":1280,\"height\":853,\"caption\":\"OLYMPUS DIGITAL CAMERA\"},{\"@type\":\"BreadcrumbList\",\"@id\":\"https:\\\/\\\/www.ildammuso.com\\\/it\\\/termini-e-condizioni\\\/#breadcrumb\",\"itemListElement\":[{\"@type\":\"ListItem\",\"position\":1,\"name\":\"Home\",\"item\":\"https:\\\/\\\/www.ildammuso.com\\\/it\\\/\"},{\"@type\":\"ListItem\",\"position\":2,\"name\":\"&nbsp;\"}]},{\"@type\":\"WebSite\",\"@id\":\"https:\\\/\\\/www.ildammuso.com\\\/it\\\/#website\",\"url\":\"https:\\\/\\\/www.ildammuso.com\\\/it\\\/\",\"name\":\"Il Dammuso\",\"description\":\"Il tuo Dammuso a Pantelleria\",\"publisher\":{\"@id\":\"https:\\\/\\\/www.ildammuso.com\\\/it\\\/#organization\"},\"potentialAction\":[{\"@type\":\"SearchAction\",\"target\":{\"@type\":\"EntryPoint\",\"urlTemplate\":\"https:\\\/\\\/www.ildammuso.com\\\/it\\\/?s={search_term_string}\"},\"query-input\":{\"@type\":\"PropertyValueSpecification\",\"valueRequired\":true,\"valueName\":\"search_term_string\"}}],\"inLanguage\":\"it-IT\"},{\"@type\":\"Organization\",\"@id\":\"https:\\\/\\\/www.ildammuso.com\\\/it\\\/#organization\",\"name\":\"Il Dammuso\",\"url\":\"https:\\\/\\\/www.ildammuso.com\\\/it\\\/\",\"logo\":{\"@type\":\"ImageObject\",\"inLanguage\":\"it-IT\",\"@id\":\"https:\\\/\\\/www.ildammuso.com\\\/it\\\/#\\\/schema\\\/logo\\\/image\\\/\",\"url\":\"https:\\\/\\\/www.ildammuso.com\\\/wp-content\\\/uploads\\\/2022\\\/06\\\/logo-ildammuso.jpg\",\"contentUrl\":\"https:\\\/\\\/www.ildammuso.com\\\/wp-content\\\/uploads\\\/2022\\\/06\\\/logo-ildammuso.jpg\",\"width\":426,\"height\":395,\"caption\":\"Il Dammuso\"},\"image\":{\"@id\":\"https:\\\/\\\/www.ildammuso.com\\\/it\\\/#\\\/schema\\\/logo\\\/image\\\/\"},\"sameAs\":[\"https:\\\/\\\/www.facebook.com\\\/ildammusodipantelleria\\\/\",\"https:\\\/\\\/www.instagram.com\\\/ildammusogram\\\/\"]}]}<\/script>\n<!-- \/ Yoast SEO plugin. -->","yoast_head_json":{"title":"Termini e Condizioni | Il Dammuso","robots":{"index":"noindex","follow":"follow"},"og_locale":"it_IT","og_type":"article","og_title":"Termini e Condizioni | Il Dammuso","og_description":"Quando si prenota un soggiorno presso un dammuso che noi [&hellip;]","og_url":"https:\/\/www.ildammuso.com\/it\/termini-e-condizioni\/","og_site_name":"Il Dammuso","article_publisher":"https:\/\/www.facebook.com\/ildammusodipantelleria\/","article_modified_time":"2025-02-12T07:45:49+00:00","og_image":[{"width":1280,"height":853,"url":"https:\/\/storage1254.cdn-immedia.net\/wp-content\/uploads\/2024\/05\/dammuso-martingana_14.jpg","type":"image\/jpeg"}],"twitter_card":"summary_large_image","twitter_misc":{"Tempo di lettura stimato":"4 minuti"},"schema":{"@context":"https:\/\/schema.org","@graph":[{"@type":"WebPage","@id":"https:\/\/www.ildammuso.com\/it\/termini-e-condizioni\/","url":"https:\/\/www.ildammuso.com\/it\/termini-e-condizioni\/","name":"Termini e Condizioni | Il Dammuso","isPartOf":{"@id":"https:\/\/www.ildammuso.com\/it\/#website"},"primaryImageOfPage":{"@id":"https:\/\/www.ildammuso.com\/it\/termini-e-condizioni\/#primaryimage"},"image":{"@id":"https:\/\/www.ildammuso.com\/it\/termini-e-condizioni\/#primaryimage"},"thumbnailUrl":"https:\/\/storage1254.cdn-immedia.net\/wp-content\/uploads\/2024\/05\/dammuso-martingana_14.jpg","datePublished":"2022-04-13T15:51:18+00:00","dateModified":"2025-02-12T07:45:49+00:00","breadcrumb":{"@id":"https:\/\/www.ildammuso.com\/it\/termini-e-condizioni\/#breadcrumb"},"inLanguage":"it-IT","potentialAction":[{"@type":"ReadAction","target":["https:\/\/www.ildammuso.com\/it\/termini-e-condizioni\/"]}]},{"@type":"ImageObject","inLanguage":"it-IT","@id":"https:\/\/www.ildammuso.com\/it\/termini-e-condizioni\/#primaryimage","url":"https:\/\/storage1254.cdn-immedia.net\/wp-content\/uploads\/2024\/05\/dammuso-martingana_14.jpg","contentUrl":"https:\/\/storage1254.cdn-immedia.net\/wp-content\/uploads\/2024\/05\/dammuso-martingana_14.jpg","width":1280,"height":853,"caption":"OLYMPUS DIGITAL CAMERA"},{"@type":"BreadcrumbList","@id":"https:\/\/www.ildammuso.com\/it\/termini-e-condizioni\/#breadcrumb","itemListElement":[{"@type":"ListItem","position":1,"name":"Home","item":"https:\/\/www.ildammuso.com\/it\/"},{"@type":"ListItem","position":2,"name":"&nbsp;"}]},{"@type":"WebSite","@id":"https:\/\/www.ildammuso.com\/it\/#website","url":"https:\/\/www.ildammuso.com\/it\/","name":"Il Dammuso","description":"Il tuo Dammuso a Pantelleria","publisher":{"@id":"https:\/\/www.ildammuso.com\/it\/#organization"},"potentialAction":[{"@type":"SearchAction","target":{"@type":"EntryPoint","urlTemplate":"https:\/\/www.ildammuso.com\/it\/?s={search_term_string}"},"query-input":{"@type":"PropertyValueSpecification","valueRequired":true,"valueName":"search_term_string"}}],"inLanguage":"it-IT"},{"@type":"Organization","@id":"https:\/\/www.ildammuso.com\/it\/#organization","name":"Il Dammuso","url":"https:\/\/www.ildammuso.com\/it\/","logo":{"@type":"ImageObject","inLanguage":"it-IT","@id":"https:\/\/www.ildammuso.com\/it\/#\/schema\/logo\/image\/","url":"https:\/\/storage1254.cdn-immedia.net\/wp-content\/uploads\/2022\/06\/logo-ildammuso.jpg","contentUrl":"https:\/\/storage1254.cdn-immedia.net\/wp-content\/uploads\/2022\/06\/logo-ildammuso.jpg","width":426,"height":395,"caption":"Il Dammuso"},"image":{"@id":"https:\/\/www.ildammuso.com\/it\/#\/schema\/logo\/image\/"},"sameAs":["https:\/\/www.facebook.com\/ildammusodipantelleria\/","https:\/\/www.instagram.com\/ildammusogram\/"]}]}},"_links":{"self":[{"href":"https:\/\/www.ildammuso.com\/it\/wp-json\/wp\/v2\/pages\/264","targetHints":{"allow":["GET"]}}],"collection":[{"href":"https:\/\/www.ildammuso.com\/it\/wp-json\/wp\/v2\/pages"}],"about":[{"href":"https:\/\/www.ildammuso.com\/it\/wp-json\/wp\/v2\/types\/page"}],"author":[{"embeddable":true,"href":"https:\/\/www.ildammuso.com\/it\/wp-json\/wp\/v2\/users\/1"}],"replies":[{"embeddable":true,"href":"https:\/\/www.ildammuso.com\/it\/wp-json\/wp\/v2\/comments?post=264"}],"version-history":[{"count":3,"href":"https:\/\/www.ildammuso.com\/it\/wp-json\/wp\/v2\/pages\/264\/revisions"}],"predecessor-version":[{"id":26962,"href":"https:\/\/www.ildammuso.com\/it\/wp-json\/wp\/v2\/pages\/264\/revisions\/26962"}],"wp:featuredmedia":[{"embeddable":true,"href":"https:\/\/www.ildammuso.com\/it\/wp-json\/wp\/v2\/media\/24132"}],"wp:attachment":[{"href":"https:\/\/www.ildammuso.com\/it\/wp-json\/wp\/v2\/media?parent=264"}],"curies":[{"name":"wp","href":"https:\/\/api.w.org\/{rel}","templated":true}]}}